{"id":17,"date":"2025-06-09T19:28:39","date_gmt":"2025-06-09T17:28:39","guid":{"rendered":"https:\/\/rconsulting.tech\/?page_id=17"},"modified":"2025-06-09T20:54:17","modified_gmt":"2025-06-09T18:54:17","slug":"accueil","status":"publish","type":"page","link":"https:\/\/rconsulting.tech\/","title":{"rendered":"Accueil"},"content":{"rendered":"\n<div class=\"wp-block-cover alignfull is-light\" style=\"min-height:720px;aspect-ratio:unset;\"><span aria-hidden=\"true\" class=\"wp-block-cover__background has-background-dim-100 has-background-dim has-background-gradient\" style=\"background:linear-gradient(35deg,rgb(6,0,151) 0%,rgb(130,4,255) 73%,rgb(193,15,255) 100%)\"><\/span><div class=\"wp-block-cover__inner-container is-layout-flow wp-block-cover-is-layout-flow\">\n<div class=\"inherit-container-width wp-block-group alignwide is-layout-constrained wp-block-group-is-layout-constrained\">\n<div class=\"wp-block-media-text alignwide has-media-on-the-right is-stacked-on-mobile is-vertically-aligned-center\" style=\"grid-template-columns:auto 43%\"><div class=\"wp-block-media-text__content\">\n<h1 class=\"wp-block-heading has-text-align-left has-white-color has-text-color\">Votre partenaire en cybers\u00e9curit\u00e9 op\u00e9rationelle<\/h1>\n\n\n\n<p class=\"has-white-color has-text-color\"><\/p>\n\n\n\n<div class=\"wp-block-buttons is-layout-flex wp-block-buttons-is-layout-flex\">\n<div class=\"wp-block-button\"><a class=\"wp-block-button__link wp-element-button\" href=\"#contact\">Contactez nous<\/a><\/div>\n<\/div>\n<\/div><figure class=\"wp-block-media-text__media\"><img decoding=\"async\" src=\"https:\/\/rconsulting.tech\/wp-content\/themes\/astra\/inc\/assets\/images\/starter-content\/hero-img.svg\" alt=\"\" class=\"wp-image-118 size-full\"\/><\/figure><\/div>\n<\/div>\n<\/div><\/div>\n\n\n\n<div class=\"wp-block-group alignfull is-layout-constrained wp-container-core-group-is-layout-3fee123f wp-block-group-is-layout-constrained\" id=\"whyus\" style=\"padding-top:144px;padding-bottom:144px\">\n<h2 class=\"wp-block-heading\" id=\"expertises\">Nos expertises<\/h2>\n\n\n\n<p>Fort de plus de 15 ans d\u2019exp\u00e9rience dans le domaine de la cybers\u00e9curit\u00e9, nous accompagnons nos clients dans la mise en place de strat\u00e9gies robustes et pragmatiques pour faire face aux menaces actuelles. Notre approche repose sur une compr\u00e9hension fine des enjeux m\u00e9tiers, associ\u00e9e \u00e0 une expertise technique \u00e9prouv\u00e9e et \u00e0 une vision globale des syst\u00e8mes d&rsquo;information. Nous intervenons aussi bien dans la d\u00e9finition des orientations strat\u00e9giques que dans l&rsquo;op\u00e9rationnel au quotidien.<\/p>\n\n\n\n<div class=\"wp-block-columns is-layout-flex wp-container-core-columns-is-layout-29aadeec wp-block-columns-is-layout-flex\" style=\"margin-top:60px\">\n<div class=\"wp-block-column is-layout-flow wp-container-core-column-is-layout-6b73ce23 wp-block-column-is-layout-flow\">\n<h3 class=\"wp-block-heading\" style=\"margin-top:16px\">S\u00e9curit\u00e9 op\u00e9rationelle<\/h3>\n\n\n\n<p>Nous aidons les organisations \u00e0 structurer et \u00e0 renforcer leur dispositif de s\u00e9curit\u00e9 au quotidien. De la gestion des incidents \u00e0 l&rsquo;application des bonnes pratiques de s\u00e9curit\u00e9, nous assurons un accompagnement concret et adapt\u00e9 \u00e0 chaque contexte, pour garantir un niveau de s\u00e9curit\u00e9 optimal et r\u00e9silient.<\/p>\n<\/div>\n\n\n\n<div class=\"wp-block-column is-layout-flow wp-container-core-column-is-layout-6b73ce23 wp-block-column-is-layout-flow\">\n<h3 class=\"wp-block-heading\" style=\"margin-top:16px\">Contr\u00f4les de s\u00e9curit\u00e9<\/h3>\n\n\n\n<p>Nous mettons en place et optimisons les contr\u00f4les de s\u00e9curit\u00e9 permettant de surveiller, d\u00e9tecter et corriger les \u00e9carts ou failles de mani\u00e8re proactive. Ces contr\u00f4les sont int\u00e9gr\u00e9s aux processus m\u00e9tier pour garantir une s\u00e9curit\u00e9 continue, mesurable et align\u00e9e sur les exigences de conformit\u00e9.<\/p>\n<\/div>\n\n\n\n<div class=\"wp-block-column is-layout-flow wp-container-core-column-is-layout-6b73ce23 wp-block-column-is-layout-flow\">\n<h3 class=\"wp-block-heading\" style=\"margin-top:16px\"><strong>Gestion des Acc\u00e8s et des Identit\u00e9s<\/strong>&nbsp;(IAM\/GIA)<\/h3>\n\n\n\n<p>La gestion des identit\u00e9s et des acc\u00e8s est un pilier essentiel de la cybers\u00e9curit\u00e9. Nous concevons et mettons en \u0153uvre des solutions IAM\/IGA adapt\u00e9es aux besoins de nos clients pour assurer une gouvernance efficace des droits d&rsquo;acc\u00e8s, une tra\u00e7abilit\u00e9 compl\u00e8te et une r\u00e9duction des risques li\u00e9s aux acc\u00e8s non ma\u00eetris\u00e9s.<\/p>\n<\/div>\n<\/div>\n<\/div>\n\n\n\n<div class=\"wp-block-group alignfull has-background is-layout-constrained wp-container-core-group-is-layout-cfcca693 wp-block-group-is-layout-constrained\" id=\"contact\" style=\"background:linear-gradient(35deg,rgb(6,0,151) 0%,rgb(130,4,255) 64%,rgb(193,15,255) 98%);padding-top:104px;padding-bottom:104px\">\n<h2 class=\"wp-block-heading has-text-align-center\" id=\"contact\">Nous contacter<\/h2>\n\n\n\n<p class=\"has-text-align-center\"><a href=\"https:\/\/www.linkedin.com\/in\/j%C3%A9r%C3%A9my-erre-396997150\/\" data-type=\"link\" data-id=\"https:\/\/www.linkedin.com\/in\/j%C3%A9r%C3%A9my-erre-396997150\/\"><img loading=\"lazy\" decoding=\"async\" width=\"32\" height=\"32\" class=\"wp-image-50\" style=\"width: 32px;\" src=\"https:\/\/rconsulting.tech\/wp-content\/uploads\/2025\/06\/link.png\" alt=\"Linkedin\"><\/a><\/p>\n<\/div>\n\n\n\n<p><\/p>\n","protected":false},"excerpt":{"rendered":"<p>Nos expertises Fort de plus de 15 ans d\u2019exp\u00e9rience dans le domaine de la cybers\u00e9curit\u00e9, nous accompagnons nos clients dans [&hellip;]<\/p>\n","protected":false},"author":1,"featured_media":0,"parent":0,"menu_order":0,"comment_status":"closed","ping_status":"closed","template":"","meta":{"site-sidebar-layout":"no-sidebar","site-content-layout":"plain-container","ast-site-content-layout":"default","site-content-style":"default","site-sidebar-style":"default","ast-global-header-display":"","ast-banner-title-visibility":"","ast-main-header-display":"","ast-hfb-above-header-display":"","ast-hfb-below-header-display":"","ast-hfb-mobile-header-display":"","site-post-title":"disabled","ast-breadcrumbs-content":"","ast-featured-img":"","footer-sml-layout":"","ast-disable-related-posts":"","theme-transparent-header-meta":"enabled","adv-header-id-meta":"","stick-header-meta":"","header-above-stick-meta":"","header-main-stick-meta":"","header-below-stick-meta":"","astra-migrate-meta-layouts":"default","ast-page-background-enabled":"default","ast-page-background-meta":{"desktop":{"background-color":"var(--ast-global-color-5)","background-image":"","background-repeat":"repeat","background-position":"center center","background-size":"auto","background-attachment":"scroll","background-type":"","background-media":"","overlay-type":"","overlay-color":"","overlay-opacity":"","overlay-gradient":""},"tablet":{"background-color":"","background-image":"","background-repeat":"repeat","background-position":"center center","background-size":"auto","background-attachment":"scroll","background-type":"","background-media":"","overlay-type":"","overlay-color":"","overlay-opacity":"","overlay-gradient":""},"mobile":{"background-color":"","background-image":"","background-repeat":"repeat","background-position":"center center","background-size":"auto","background-attachment":"scroll","background-type":"","background-media":"","overlay-type":"","overlay-color":"","overlay-opacity":"","overlay-gradient":""}},"ast-content-background-meta":{"desktop":{"background-color":"var(--ast-global-color-4)","background-image":"","background-repeat":"repeat","background-position":"center center","background-size":"auto","background-attachment":"scroll","background-type":"","background-media":"","overlay-type":"","overlay-color":"","overlay-opacity":"","overlay-gradient":""},"tablet":{"background-color":"var(--ast-global-color-4)","background-image":"","background-repeat":"repeat","background-position":"center center","background-size":"auto","background-attachment":"scroll","background-type":"","background-media":"","overlay-type":"","overlay-color":"","overlay-opacity":"","overlay-gradient":""},"mobile":{"background-color":"var(--ast-global-color-4)","background-image":"","background-repeat":"repeat","background-position":"center center","background-size":"auto","background-attachment":"scroll","background-type":"","background-media":"","overlay-type":"","overlay-color":"","overlay-opacity":"","overlay-gradient":""}},"footnotes":""},"class_list":["post-17","page","type-page","status-publish","hentry"],"_links":{"self":[{"href":"https:\/\/rconsulting.tech\/index.php\/wp-json\/wp\/v2\/pages\/17","targetHints":{"allow":["GET"]}}],"collection":[{"href":"https:\/\/rconsulting.tech\/index.php\/wp-json\/wp\/v2\/pages"}],"about":[{"href":"https:\/\/rconsulting.tech\/index.php\/wp-json\/wp\/v2\/types\/page"}],"author":[{"embeddable":true,"href":"https:\/\/rconsulting.tech\/index.php\/wp-json\/wp\/v2\/users\/1"}],"replies":[{"embeddable":true,"href":"https:\/\/rconsulting.tech\/index.php\/wp-json\/wp\/v2\/comments?post=17"}],"version-history":[{"count":7,"href":"https:\/\/rconsulting.tech\/index.php\/wp-json\/wp\/v2\/pages\/17\/revisions"}],"predecessor-version":[{"id":52,"href":"https:\/\/rconsulting.tech\/index.php\/wp-json\/wp\/v2\/pages\/17\/revisions\/52"}],"wp:attachment":[{"href":"https:\/\/rconsulting.tech\/index.php\/wp-json\/wp\/v2\/media?parent=17"}],"curies":[{"name":"wp","href":"https:\/\/api.w.org\/{rel}","templated":true}]}}